{"id":8603,"date":"2017-01-01T23:19:07","date_gmt":"2017-01-01T20:19:07","guid":{"rendered":"https:\/\/suyasatma.com\/ana-sayfa\/"},"modified":"2025-09-03T22:13:49","modified_gmt":"2025-09-03T19:13:49","slug":"ana-sayfa","status":"publish","type":"page","link":"https:\/\/suyasatma.com\/pl\/","title":{"rendered":"Strona g\u0142\u00f3wna"},"content":{"rendered":"<div class=\"wpb-content-wrapper\"><p>[vc_row type=&#8221;vc_default&#8221; content_placement=&#8221;top&#8221; bg_type=&#8221;image&#8221; parallax_style=&#8221;vcpb-default&#8221; bg_image_new=&#8221;id^10658|url^https:\/\/suyasatma.com\/wp-content\/uploads\/water-vital-canli-su.webp|caption^null|alt^null|title^water-vital-canli-su|description^null&#8221; bg_image_repeat=&#8221;no-repeat&#8221; bg_image_posiiton=&#8221;center top&#8221; bg_override=&#8221;ex-full&#8221; el_class=&#8221;slider-row&#8221;][vc_column][vc_row_inner content_placement=&#8221;top&#8221; css=&#8221;.vc_custom_1483580918734{margin-bottom: 20px !important;}&#8221;][vc_column_inner width=&#8221;1\/4&#8243;][vc_single_image image=&#8221;8606&#8243; img_size=&#8221;full&#8221; css=&#8221;.vc_custom_1756926825941{margin-bottom: 20px !important;}&#8221; image_hovers=&#8221;false&#8221; el_class=&#8221;made-in-turkey&#8221;][vc_column_text css=&#8221;&#8221;]<\/p>\n<h5 style=\"color: #fff;\">Turecka firma Water Vital\u00ae oferuje urz\u0105dzenia do strukturyzacji, aktywacji wody, tworzenia \u201e\u017cywej wody\u201d w oparciu o technologi\u0119 SuYasatma&#x2122; zar\u00f3wno do u\u017cytku osobistego, jak i do cel\u00f3w przemys\u0142owych.<\/h5>\n<p>[\/vc_column_text][\/vc_column_inner][vc_column_inner width=&#8221;1\/4&#8243;][vc_column_text css=&#8221;&#8221;]<\/p>\n<h4 style=\"color: #f3c81d;\">OBSZARY ZASTOSOWA\u0143<\/h4>\n<hr class=\"hrblue\" \/>\n<ul class=\"areas\">\n<li>Softening systems<\/li>\n<li>Systemy zmi\u0119kczania<\/li>\n<li>Systemy kanalizacyjne<\/li>\n<li>Ogrzewanie, ch\u0142odzenie, systemy parowe<\/li>\n<li>Baseny, sauny, spa<\/li>\n<li>Higiena osobista<\/li>\n<li>Przemys\u0142 spo\u017cywczy<\/li>\n<li>Czyszczenie pralni<\/li>\n<li>Rolnictwo<\/li>\n<li>Produkcja zwierz\u0119ca<\/li>\n<li>Systemy sanitarne<\/li>\n<\/ul>\n<p>[\/vc_column_text][\/vc_column_inner][vc_column_inner width=&#8221;1\/2&#8243; offset=&#8221;vc_hidden-sm vc_hidden-xs&#8221;]<div id=\"ult-carousel-32850679769d03cf4a33a5\" class=\"ult-carousel-wrapper   ult_horizontal\" data-gutter=\"15\" data-rtl=\"false\" ><div class=\"ult-carousel-150668633869d03cf4a32d9 \" >[vc_column_text]<\/p>\n<h1 style=\"color: #fff;\">Zasada rezonansu molekularnego<\/h1>\n<h3 style=\"color: #fff;\">\u201eInteligentny p\u0142yn\u201d, kt\u00f3ry znajduje si\u0119 wewn\u0105trz urz\u0105dze\u0144 Water Vital, nie wchodzi w kontakt z oczyszczan\u0105 wod\u0105, zapewnia restrukturyzacj\u0119 wody na zasadzie rezonansu.<\/h3>\n<p>[\/vc_column_text][vc_column_text]<\/p>\n<h1 style=\"color: #fff;\">Wyprodukowano w Turcji<\/h1>\n<h3 style=\"color: #fff;\">Urz\u0105dzenia do tworzenia wody strukturyzowanej opracowane i wyprodukowane w Turcji, posiadaj\u0105 5-letni\u0105 gwarancj\u0119 i daj\u0105 najlepsze rezultaty w rozwi\u0105zywaniu problem\u00f3w z wod\u0105 w r\u00f3\u017cnych bran\u017cach.<\/h3>\n<p>[\/vc_column_text][vc_column_text]<\/p>\n<h1 style=\"color: #fff;\">Naturalny, ale innowacyjny<\/h1>\n<h3 style=\"color: #fff;\">Urz\u0105dzenia Water Vital do tworzenia \u201e\u017cywej wody\u201d to nie oczyszczanie, nie filtracja, nie magnetyzacja, nie jonizacja, nie systemy zmi\u0119kczania wody.<\/h3>\n<p>[\/vc_column_text]<\/div><\/div>\t\t\t<script type=\"text\/javascript\">\n\t\t\t\tjQuery(document).ready(function ($) {\n\t\t\t\t\tif( typeof jQuery('.ult-carousel-150668633869d03cf4a32d9').slick == \"function\"){\n\t\t\t\t\t\t$('.ult-carousel-150668633869d03cf4a32d9').slick({dots: true,autoplay: true,autoplaySpeed: \"5000\",speed: \"500\",infinite: false,arrows: false,slidesToScroll:1,slidesToShow:1,swipe: true,draggable: true,touchMove: false,pauseOnHover: true,pauseOnFocus: false,responsive: [\n\t\t\t\t\t\t\t{\n\t\t\t\t\t\t\t  breakpoint: 1026,\n\t\t\t\t\t\t\t  settings: {\n\t\t\t\t\t\t\t\tslidesToShow: 1,\n\t\t\t\t\t\t\t\tslidesToScroll: 1,  \n\t\t\t\t\t\t\t  }\n\t\t\t\t\t\t\t},\n\t\t\t\t\t\t\t{\n\t\t\t\t\t\t\t  breakpoint: 1025,\n\t\t\t\t\t\t\t  settings: {\n\t\t\t\t\t\t\t\tslidesToShow: 1,\n\t\t\t\t\t\t\t\tslidesToScroll: 1\n\t\t\t\t\t\t\t  }\n\t\t\t\t\t\t\t},\n\t\t\t\t\t\t\t{\n\t\t\t\t\t\t\t  breakpoint: 760,\n\t\t\t\t\t\t\t  settings: {\n\t\t\t\t\t\t\t\tslidesToShow: 1,\n\t\t\t\t\t\t\t\tslidesToScroll: 1\n\t\t\t\t\t\t\t  }\n\t\t\t\t\t\t\t}\n\t\t\t\t\t\t],pauseOnDotsHover: true,customPaging: function(slider, i) {\n                   return '<i type=\"button\" style= \"color:#f3c81d;\" class=\"ultsl-record\" data-role=\"none\"><\/i>';\n                },});\n\t\t\t\t\t}\n\t\t\t\t});\n\t\t\t<\/script>\n\t\t\t[\/vc_column_inner][\/vc_row_inner][vc_row_inner equal_height=&#8221;yes&#8221; css=&#8221;.vc_custom_1626098536990{background-position: center !important;background-repeat: no-repeat !important;background-size: cover !important;}&#8221; el_class=&#8221;rowbanners&#8221;][vc_column_inner width=&#8221;1\/4&#8243; css=&#8221;.vc_custom_1626102349107{background-image: url(https:\/\/suyasatma.com\/wp-content\/uploads\/boru-tipi-su-yasatma.webp?id=157) !important;background-position: center !important;background-repeat: no-repeat !important;background-size: cover !important;}&#8221;][vc_column_text]<\/p>\n<div class=\"title1\">WBUDOWANE W PRZEW\u00d3D RUROWY<br \/>\n3,5-100m\u00b3 na godzin\u0119<\/div>\n<div class=\"subtitle1\"><img loading=\"lazy\" decoding=\"async\" class=\"alignleft size-full wp-image-137\" src=\"https:\/\/suyasatma.com\/wp-content\/uploads\/boru-tipi-water-vital-su-yasatma-teknoloji.png\" alt=\"\" width=\"50\" height=\"50\" \/>Wystarczy zainstalowa\u0107 w g\u0142\u00f3wnym przewodzie doprowadzaj\u0105cym wod\u0119.<\/div>\n<p><a class=\"button-y\" href=\"https:\/\/suyasatma.com\/pl\/pipe-type-industrial-systems\/\">Wersje +<\/a>[\/vc_column_text][\/vc_column_inner][vc_column_inner width=&#8221;1\/4&#8243; css=&#8221;.vc_custom_1626102343562{background-image: url(https:\/\/suyasatma.com\/wp-content\/uploads\/water-vital-bg-sari.webp?id=159) !important;background-position: center !important;background-repeat: no-repeat !important;background-size: cover !important;}&#8221;][vc_column_text]<\/p>\n<div class=\"title2\">TYP ZANURZENIOWY<br \/>\ndla 0,5-1000m\u00b3<\/div>\n<div class=\"subtitle2\"><img loading=\"lazy\" decoding=\"async\" class=\"alignleft size-full wp-image-164\" src=\"https:\/\/suyasatma.com\/wp-content\/uploads\/tank-daldirma-su-yasatma.png\" alt=\"\" width=\"50\" height=\"50\" \/>Mo\u017ce by\u0107 u\u017cywany jako system pojedynczy lub podw\u00f3jny.<\/div>\n<p><a class=\"button-b\" href=\"https:\/\/suyasatma.com\/pl\/submersible-type-systems\/\">Wersje +<\/a>[\/vc_column_text][\/vc_column_inner][vc_column_inner width=&#8221;1\/4&#8243; css=&#8221;.vc_custom_1756926797856{background-color: #FFFFFFCC !important;background-position: center !important;background-repeat: no-repeat !important;background-size: cover !important;}&#8221;][vc_column_text css=&#8221;&#8221;]<\/p>\n<div class=\"title2\">U\u017bYTEK OSOBISTY<br \/>\nD\u0142ugopis Energetyczne<\/div>\n<div class=\"subtitle2\"><img loading=\"lazy\" decoding=\"async\" class=\"alignleft size-full wp-image-169\" src=\"https:\/\/suyasatma.com\/wp-content\/uploads\/su-yasatma-enerji-kalem.png\" alt=\"\" width=\"50\" height=\"50\" \/>Picie \u201e\u017cywej wody\u201d o ka\u017cdej porze i w ka\u017cdym miejscu.<\/div>\n<p><a class=\"button-b\" href=\"https:\/\/suyasatma.com\/pl\/urun-kategori\/uzytek-osobisty\/\">Wersje +<\/a>[\/vc_column_text][\/vc_column_inner][vc_column_inner width=&#8221;1\/4&#8243; css=&#8221;.vc_custom_1626102379070{background-image: url(https:\/\/suyasatma.com\/wp-content\/uploads\/water-vital-enerji-kalem-su-yasatma-teknolojisi.webp?id=182) !important;background-position: center !important;background-repeat: no-repeat !important;background-size: cover !important;}&#8221;][vc_column_text css=&#8221;&#8221;]<\/p>\n<div class=\"title1\">U\u017bYTEK OSOBISTY<br \/>\nNaszyjnik Energetyczny<\/div>\n<div class=\"subtitle1\"><img loading=\"lazy\" decoding=\"async\" class=\"alignleft size-full wp-image-176\" src=\"https:\/\/suyasatma.com\/wp-content\/uploads\/enerjisi-kolye-su-yasatma.png\" alt=\"\" width=\"50\" height=\"50\" \/>Aby woda by\u0142a ustrukturyzowana w ludzkim ciele.<\/div>\n<p><a class=\"button-y\" href=\"https:\/\/suyasatma.com\/pl\/urun-kategori\/uzytek-osobisty\/\">Wersje +<\/a>[\/vc_column_text][\/vc_column_inner][\/vc_row_inner][\/vc_column][\/vc_row][vc_row type=&#8221;vc_default&#8221; content_placement=&#8221;middle&#8221; bg_type=&#8221;image&#8221; parallax_style=&#8221;vcpb-default&#8221; bg_image_new=&#8221;id^242|url^https:\/\/suyasatma.com\/wp-content\/uploads\/su-yasatma-teknoloji-2.webp|caption^null|alt^null|title^su-yasatma-teknoloji-2|description^null&#8221; bg_image_repeat=&#8221;no-repeat&#8221; bg_image_size=&#8221;initial&#8221; bg_image_posiiton=&#8221;bottom center&#8221; bg_override=&#8221;ex-full&#8221; el_class=&#8221;rowpipe&#8221;][vc_column width=&#8221;2\/3&#8243;][vc_column_text css=&#8221;.vc_custom_1625927982255{background-position: center !important;background-repeat: no-repeat !important;background-size: contain !important;}&#8221;]<\/p>\n<h2>WBUDOWANE W PRZEW\u00d3D RUROWY<\/h2>\n<hr class=\"hrmavi\" \/>\n<p>System i urz\u0105dzenia Water Vital nie wymagaj\u0105 zespo\u0142u konserwacyjnego ani \u017ar\u00f3d\u0142a energii. System ten nie wymaga r\u00f3wnie\u017c obs\u0142ugi serwisowej, nie posiada materia\u0142\u00f3w eksploatacyjnych, nie wymaga napraw.<\/p>\n<p>Przemys\u0142owy system rurowy jest jednym z urz\u0105dze\u0144 opracowanych przez Water Vital w oparciu o technologi\u0119 SuYasatma do produkcji wody strukturyzowanej do u\u017cytku w kuchni, w \u0142azience, do pralek i zmywarek, w toaletach, do czyszczenia, do system\u00f3w grzewczych lub ch\u0142odz\u0105cych, do basen\u00f3w, a tak\u017ce jako woda pitna.<\/p>\n<p>Systemy rurowe Water Vital mo\u017cna \u0142atwo i szybko zainstalowa\u0107 na g\u0142\u00f3wnej linii wodoci\u0105gowej. Istnieje kilka r\u00f3\u017cnych modeli system\u00f3w rurowych, w zale\u017cno\u015bci od \u015brednicy rur, ilo\u015bci zu\u017cywanej wody i nat\u0119\u017cenia przep\u0142ywu, wsp\u00f3\u0142czynnika zanieczyszczenia wody i obszaru zastosowania.<\/p>\n<p>Wewn\u0105trz przemys\u0142owych system\u00f3w rurowych Water Vital\u00ae znajduje si\u0119 \u201einteligentny p\u0142yn\u201d, kt\u00f3ry nie styka si\u0119 z oczyszczon\u0105 wod\u0105 (przep\u0142ywaj\u0105c\u0105 przez wewn\u0119trzny kana\u0142 systemu rurowego), ale rezonuje z ni\u0105 i w ten spos\u00f3b przywraca struktur\u0119 wody.<\/p>\n<p>Sprawiaj\u0105c, \u017ce woda i \u017cywno\u015b\u0107 s\u0105 zdrowe, nadaj\u0105c wodzie odpowiedni\u0105 struktur\u0119 heksagonaln\u0105, ta technologia i system rozwi\u0105zuje r\u00f3wnie\u017c problem tworzenia si\u0119 kamienia wapiennego i korozji oraz naturalnie ogranicza rozw\u00f3j bakterii, co ostatecznie prowadzi do efektywno\u015bci ekonomicznej.[\/vc_column_text][\/vc_column][vc_column width=&#8221;1\/3&#8243; css=&#8221;.vc_custom_1483626876305{background-position: 0 0 !important;background-repeat: no-repeat !important;}&#8221;][\/vc_column][\/vc_row][vc_row type=&#8221;vc_default&#8221; content_placement=&#8221;middle&#8221; bg_type=&#8221;image&#8221; parallax_style=&#8221;vcpb-default&#8221; bg_image_new=&#8221;id^301|url^https:\/\/suyasatma.com\/wp-content\/uploads\/su-yasatma-teknoloji-antalya.webp|caption^null|alt^null|title^su-yasatma-teknoloji-antalya|description^null&#8221; bg_image_repeat=&#8221;no-repeat&#8221; bg_image_size=&#8221;initial&#8221; bg_image_posiiton=&#8221;top center&#8221; bg_override=&#8221;ex-full&#8221; css=&#8221;.vc_custom_1625927838355{background-color: #2e5691 !important;}&#8221; el_class=&#8221;rowsubmersible&#8221;][vc_column width=&#8221;1\/3&#8243;][\/vc_column][vc_column width=&#8221;2\/3&#8243; css=&#8221;.vc_custom_1483626876305{background-position: 0 0 !important;background-repeat: no-repeat !important;}&#8221;][vc_column_text css=&#8221;.vc_custom_1625927555120{background-position: center !important;background-repeat: no-repeat !important;background-size: contain !important;}&#8221;]<\/p>\n<h2 style=\"color: #fff;\">PRZEMYS\u0141OWE TYP ZANURZENIOWY<\/h2>\n<hr class=\"hryellow\" \/>\n<div style=\"color: #fff;\">\n<p>Water Vital\u00ae oferuje Pa\u0144stwu przemys\u0142owe systemy zanurzeniowe (w postaci stalowych cylindr\u00f3w) do studni, zbiornik\u00f3w z wod\u0105, \u0142a\u017ani, staw\u00f3w, jezior, basen\u00f3w, sztucznych staw\u00f3w, akwari\u00f3w. Systemy zanurzeniowe typu zbiornikowego mog\u0105 by\u0107 u\u017cywane jako pojedynczy cylinder lub podw\u00f3jny. System Water Vital sprawia, \u017ce woda \u201e\u017cyje\u201d, przywraca jej prawid\u0142ow\u0105 struktur\u0119, poprawia jako\u015b\u0107 samej wody w ilo\u015bciach przemys\u0142owych i do cel\u00f3w przemys\u0142owych.<\/p>\n<p>Technologia jest bezodpadowa, skuteczna i szeroko stosowana w ponad 55 krajach na ca\u0142ym \u015bwiecie. Technologia jest r\u00f3wnie\u017c przyjazna dla \u015brodowiska i bezpieczna dla przyrody oraz wspierana przez ekolog\u00f3w.<\/p>\n<div style=\"color: #fff; column-count: 3;\">\u00bb Baseny przemys\u0142owe<br \/>\n\u00bb Studnie wodne<br \/>\n\u00bb Zbiorniki z wod\u0105<br \/>\n\u00bb Akwaria<br \/>\n\u00bb Zbiorniki z wod\u0105 w rolnictwie<br \/>\n\u00bb \u015acieki<br \/>\n\u00bb Baseny<br \/>\n\u00bb Stawy<br \/>\n\u00bb W kompleksach mieszkalnych<br \/>\n\u00bb W przemy\u015ble wiertniczym<br \/>\n\u00bb Obozy wojskowe<br \/>\n\u00bb Sztuczne jezioro<br \/>\n\u00bb Zbiorniki magazynowe dla szklarni<br \/>\n\u00bb Przemys\u0142 rybny<br \/>\n\u00bb Dzia\u0142alno\u015b\u0107 hotelarska<br \/>\n\u00bb Gastronomia<br \/>\n\u00bb Dla obj\u0119to\u015bci 1000 m\u00b3<br \/>\n\u00bb Dla obj\u0119to\u015bci 500 m\u00b3<br \/>\n\u00bb Dla 250m\u00b3 obj\u0119to\u015bci<br \/>\n\u00bb Dla obj\u0119to\u015bci 50 m\u00b3<br \/>\n\u00bb Dla 10m\u00b3 obj\u0119to\u015bci<br \/>\n\u00bb Dla 1m\u00b3 obj\u0119to\u015bci<br \/>\n\u00bb Dla obj\u0119to\u015bci 0,5 m\u00b3<br \/>\n\u00bb Dla butelek<\/div>\n<\/div>\n<p>[\/vc_column_text][\/vc_column][\/vc_row][vc_row margin_top=&#8221;60&#8243;][vc_column][vc_column_text css=&#8221;.vc_custom_1625931838998{background-position: center !important;background-repeat: no-repeat !important;background-size: contain !important;}&#8221;]<\/p>\n<h2 style=\"text-align: center;\">Specjalne produkty do u\u017cytku indywidualnego i opieki zdrowotnej.<\/h2>\n<p class=\"italic1\">Zdrowa woda strukturyzowana dla Pa\u0144stwa i Pa\u0144stwa rodziny. Picie \u201e\u017cywej\u201d wody sprawi, \u017ce b\u0119d\u0105 Pa\u0144stwo pe\u0142ni energii.<\/p>\n<p>[\/vc_column_text][\/vc_column][\/vc_row][vc_row][vc_column width=&#8221;1\/2&#8243;][vc_single_image image=&#8221;269&#8243; img_size=&#8221;full&#8221; css=&#8221;.vc_custom_1625931808274{margin-bottom: 10px !important;}&#8221; image_hovers=&#8221;false&#8221;][vc_column_text css=&#8221;.vc_custom_1625931953989{background-position: center !important;background-repeat: no-repeat !important;background-size: contain !important;}&#8221;]<\/p>\n<h4>WATER VITAL <span style=\"color: #0c52ad;\">NASZYJNIK ENERGETYCZNY<\/span><\/h4>\n<p>Codzienne korzystanie z Naszyjnik Energetyczny sprawi, \u017ce Pa\u0144stwa cia\u0142o b\u0119dzie silne i zdrowe oraz b\u0119d\u0105 Pa\u0144stwo pe\u0142ni energii.<br \/>\n<a class=\"buttonprice\" href=\"https:\/\/suyasatma.com\/pl\/urun-kategori\/uzytek-osobisty\/\">Zam\u00f3wienie online<\/a>[\/vc_column_text][\/vc_column][vc_column width=&#8221;1\/2&#8243;][vc_single_image image=&#8221;259&#8243; img_size=&#8221;full&#8221; css=&#8221;.vc_custom_1625931608374{margin-bottom: 10px !important;}&#8221; image_hovers=&#8221;false&#8221;][vc_column_text css=&#8221;.vc_custom_1626557708565{background-position: center !important;background-repeat: no-repeat !important;background-size: contain !important;}&#8221;]<\/p>\n<h4>WATER VITAL ENERGY <span style=\"color: #0c52ad;\">D\u0141UGOPIS ENERGETYCZNE<\/span><\/h4>\n<p>D\u0142ugopis Energetyczne z formu\u0142\u0105 \u201eSuYasatma\u201d znajduj\u0105c\u0105 si\u0119 wewn\u0105trz pozwoli Pa\u0144stwu uczyni\u0107 ka\u017cd\u0105 wod\u0119 pitn\u0105 \u201e\u017cyw\u0105\u201d i przywr\u00f3ci\u0107 struktur\u0119 wody w dowolnym czasie i miejscu.<br \/>\n<a class=\"buttonprice\" href=\"https:\/\/suyasatma.com\/pl\/urun-kategori\/uzytek-osobisty\/\">Zam\u00f3wienie online<\/a>[\/vc_column_text][\/vc_column][\/vc_row]<\/p>\n<\/div>","protected":false},"excerpt":{"rendered":"<p>[vc_row type=&#8221;vc_default&#8221; content_placement=&#8221;top&#8221; bg_type=&#8221;image&#8221; parallax_style=&#8221;vcpb-default&#8221; bg_image_new=&#8221;id^10658|url^https:\/\/suyasatma.com\/wp-content\/uploads\/water-vital-canli-su.webp|caption^null|alt^null|title^water-vital-canli-su|description^null&#8221; bg_image_repeat=&#8221;no-repeat&#8221; bg_image_posiiton=&#8221;center top&#8221; bg_override=&#8221;ex-full&#8221; el_class=&#8221;slider-row&#8221;][vc_column][vc_row_inner content_placement=&#8221;top&#8221; css=&#8221;.vc_custom_1483580918734{margin-bottom: 20px !important;}&#8221;][vc_column_inner width=&#8221;1\/4&#8243;][vc_single_image image=&#8221;8606&#8243; img_size=&#8221;full&#8221; css=&#8221;.vc_custom_1756926825941{margin-bottom: 20px !important;}&#8221; image_hovers=&#8221;false&#8221; el_class=&#8221;made-in-turkey&#8221;][vc_column_text css=&#8221;&#8221;] Turecka firma Water Vital\u00ae oferuje urz\u0105dzenia do strukturyzacji, aktywacji wody, tworzenia \u201e\u017cywej wody\u201d w oparciu o technologi\u0119 SuYasatma&#x2122; zar\u00f3wno do u\u017cytku osobistego, jak i do cel\u00f3w przemys\u0142owych. [\/vc_column_text][\/vc_column_inner][vc_column_inner width=&#8221;1\/4&#8243;][vc_column_text css=&#8221;&#8221;] OBSZARY&hellip;<\/p>\n","protected":false},"author":1,"featured_media":0,"parent":0,"menu_order":0,"comment_status":"closed","ping_status":"closed","template":"","meta":{"footnotes":""},"class_list":["post-8603","page","type-page","status-publish","hentry","description-off"],"aioseo_notices":[],"_links":{"self":[{"href":"https:\/\/suyasatma.com\/pl\/wp-json\/wp\/v2\/pages\/8603","targetHints":{"allow":["GET"]}}],"collection":[{"href":"https:\/\/suyasatma.com\/pl\/wp-json\/wp\/v2\/pages"}],"about":[{"href":"https:\/\/suyasatma.com\/pl\/wp-json\/wp\/v2\/types\/page"}],"author":[{"embeddable":true,"href":"https:\/\/suyasatma.com\/pl\/wp-json\/wp\/v2\/users\/1"}],"replies":[{"embeddable":true,"href":"https:\/\/suyasatma.com\/pl\/wp-json\/wp\/v2\/comments?post=8603"}],"version-history":[{"count":0,"href":"https:\/\/suyasatma.com\/pl\/wp-json\/wp\/v2\/pages\/8603\/revisions"}],"wp:attachment":[{"href":"https:\/\/suyasatma.com\/pl\/wp-json\/wp\/v2\/media?parent=8603"}],"curies":[{"name":"wp","href":"https:\/\/api.w.org\/{rel}","templated":true}]}}